{"id":12798,"date":"2021-05-03T15:05:07","date_gmt":"2021-05-03T18:05:07","guid":{"rendered":"https:\/\/tnq.com.br\/?page_id=12798"},"modified":"2021-05-03T15:05:41","modified_gmt":"2021-05-03T18:05:41","slug":"terceirizacao-do-sistema-de-gestao","status":"publish","type":"page","link":"https:\/\/tnq.com.br\/index.php\/services\/terceirizacao-do-sistema-de-gestao\/","title":{"rendered":"TERCEIRIZA\u00c7\u00c3O DO SISTEMA DE GEST\u00c3O"},"content":{"rendered":"\t\t<div data-elementor-type=\"wp-page\" data-elementor-id=\"12798\" class=\"elementor elementor-12798\">\n\t\t\t\t\t\t<section class=\"elementor-section elementor-top-section elementor-element elementor-element-51474aa elementor-section-boxed elementor-section-height-default elementor-section-height-default\" data-id=\"51474aa\" data-element_type=\"section\" data-e-type=\"section\">\n\t\t\t\t\t\t<div class=\"elementor-container elementor-column-gap-default\">\n\t\t\t\t\t<div class=\"elementor-column elementor-col-100 elementor-top-column elementor-element elementor-element-32190d5\" data-id=\"32190d5\" data-element_type=\"column\" data-e-type=\"column\">\n\t\t\t<div class=\"elementor-widget-wrap elementor-element-populated\">\n\t\t\t\t\t\t<div class=\"elementor-element elementor-element-c4dd3f0 elementor-widget elementor-widget-text-editor\" data-id=\"c4dd3f0\" data-element_type=\"widget\" data-e-type=\"widget\" data-widget_type=\"text-editor.default\">\n\t\t\t\t<div class=\"elementor-widget-container\">\n\t\t\t\t\t\t\t\t\t<p>A TNQ CONSULTORIA pode alocar profissionais em sua empresa para efetiva coordena\u00e7\u00e3o e operacionaliza\u00e7\u00e3o do sistema de gest\u00e3o, minimizando custos, riscos fiscais e trabalhistas.<\/p><p>As principais vantagens da Terceiriza\u00e7\u00e3o para as empresas, com a contrata\u00e7\u00e3o dos servi\u00e7os da TNQ Consultoria s\u00e3o:<\/p><ul><li>Proporcionar para organiza\u00e7\u00e3o maior foco em seus processos-chave;<\/li><li>Melhoria cont\u00ednua e aumento da efici\u00eancia na execu\u00e7\u00e3o de todos os processos;<\/li><li>Aumento de recursos internos para assuntos estrat\u00e9gicos;<\/li><li>Menor investimento em capital e em treinamentos;\u00a0<\/li><li>Alta qualidade de informa\u00e7\u00f5es t\u00e9cnicas e gerenciais<\/li><li>Maior flexibilidade interna;<\/li><li>Redu\u00e7\u00e3o e controle de custos operacionais;<\/li><li>Eliminar conflitos internos.<\/li><\/ul><p>\u00a0<\/p>\t\t\t\t\t\t\t\t<\/div>\n\t\t\t\t<\/div>\n\t\t\t\t\t<\/div>\n\t\t<\/div>\n\t\t\t\t\t<\/div>\n\t\t<\/section>\n\t\t\t\t<\/div>\n\t\t","protected":false},"excerpt":{"rendered":"<p>A TNQ CONSULTORIA pode alocar profissionais em sua empresa para efetiva coordena\u00e7\u00e3o e operacionaliza\u00e7\u00e3o do sistema de gest\u00e3o, minimizando custos, riscos fiscais e trabalhistas. As principais vantagens da Terceiriza\u00e7\u00e3o para as empresas, com a contrata\u00e7\u00e3o dos servi\u00e7os da TNQ Consultoria s\u00e3o: Proporcionar para organiza\u00e7\u00e3o maior foco em seus processos-chave; Melhoria cont\u00ednua e aumento da efici\u00eancia&#8230;<\/p>\n","protected":false},"author":5,"featured_media":0,"parent":2152,"menu_order":0,"comment_status":"closed","ping_status":"closed","template":"","meta":{"footnotes":""},"class_list":["post-12798","page","type-page","status-publish","hentry"],"_links":{"self":[{"href":"https:\/\/tnq.com.br\/index.php\/wp-json\/wp\/v2\/pages\/12798","targetHints":{"allow":["GET"]}}],"collection":[{"href":"https:\/\/tnq.com.br\/index.php\/wp-json\/wp\/v2\/pages"}],"about":[{"href":"https:\/\/tnq.com.br\/index.php\/wp-json\/wp\/v2\/types\/page"}],"author":[{"embeddable":true,"href":"https:\/\/tnq.com.br\/index.php\/wp-json\/wp\/v2\/users\/5"}],"replies":[{"embeddable":true,"href":"https:\/\/tnq.com.br\/index.php\/wp-json\/wp\/v2\/comments?post=12798"}],"version-history":[{"count":4,"href":"https:\/\/tnq.com.br\/index.php\/wp-json\/wp\/v2\/pages\/12798\/revisions"}],"predecessor-version":[{"id":12817,"href":"https:\/\/tnq.com.br\/index.php\/wp-json\/wp\/v2\/pages\/12798\/revisions\/12817"}],"up":[{"embeddable":true,"href":"https:\/\/tnq.com.br\/index.php\/wp-json\/wp\/v2\/pages\/2152"}],"wp:attachment":[{"href":"https:\/\/tnq.com.br\/index.php\/wp-json\/wp\/v2\/media?parent=12798"}],"curies":[{"name":"wp","href":"https:\/\/api.w.org\/{rel}","templated":true}]}}