{"id":12800,"date":"2021-05-03T15:01:33","date_gmt":"2021-05-03T18:01:33","guid":{"rendered":"https:\/\/tnq.com.br\/?page_id=12800"},"modified":"2021-05-03T15:02:38","modified_gmt":"2021-05-03T18:02:38","slug":"auditorias","status":"publish","type":"page","link":"https:\/\/tnq.com.br\/index.php\/services\/auditorias\/","title":{"rendered":"AUDITORIAS"},"content":{"rendered":"\t\t<div data-elementor-type=\"wp-page\" data-elementor-id=\"12800\" class=\"elementor elementor-12800\">\n\t\t\t\t\t\t<section class=\"elementor-section elementor-top-section elementor-element elementor-element-51474aa elementor-section-boxed elementor-section-height-default elementor-section-height-default\" data-id=\"51474aa\" data-element_type=\"section\" data-e-type=\"section\">\n\t\t\t\t\t\t<div class=\"elementor-container elementor-column-gap-default\">\n\t\t\t\t\t<div class=\"elementor-column elementor-col-100 elementor-top-column elementor-element elementor-element-32190d5\" data-id=\"32190d5\" data-element_type=\"column\" data-e-type=\"column\">\n\t\t\t<div class=\"elementor-widget-wrap elementor-element-populated\">\n\t\t\t\t\t\t<div class=\"elementor-element elementor-element-c4dd3f0 elementor-widget elementor-widget-text-editor\" data-id=\"c4dd3f0\" data-element_type=\"widget\" data-e-type=\"widget\" data-widget_type=\"text-editor.default\">\n\t\t\t\t<div class=\"elementor-widget-container\">\n\t\t\t\t\t\t\t\t\t<p>Realizamos auditorias internas \u00a0de forma presencial e remota.<\/p><p><strong>Benef\u00edcios\u00a0e Vantagens da Terceiriza\u00e7\u00e3o das Auditoria Internas em Sistemas de Gest\u00e3o e em seus\u00a0 Fornecedores\u00a0:<\/strong><\/p><ul><li>Avalia\u00e7\u00f5es independentes e especializadas, conduzidas por profissionais treinados e atualizados permanentemente nos requisitos das normas aplic\u00e1veis.<\/li><li>Vis\u00e3o externa e neutra do Sistema de Gest\u00e3o implantado, possibilitando sua racionaliza\u00e7\u00e3o.<\/li><li>Resultados mais objetivos e abrangentes, tornando a Auditoria Interna um elemento fundamental para a Alta Dire\u00e7\u00e3o da empresa promover a melhoria do Sistema de Gest\u00e3o implementado.<\/li><li>Redu\u00e7\u00e3o de custos com treinamento e reciclagem dos Auditores Internos.<\/li><li>Libera\u00e7\u00e3o das horas dos colaboradores da empresa designados para as Auditorias Internas.<\/li><\/ul>\t\t\t\t\t\t\t\t<\/div>\n\t\t\t\t<\/div>\n\t\t\t\t\t<\/div>\n\t\t<\/div>\n\t\t\t\t\t<\/div>\n\t\t<\/section>\n\t\t\t\t<\/div>\n\t\t","protected":false},"excerpt":{"rendered":"<p>Realizamos auditorias internas \u00a0de forma presencial e remota. Benef\u00edcios\u00a0e Vantagens da Terceiriza\u00e7\u00e3o das Auditoria Internas em Sistemas de Gest\u00e3o e em seus\u00a0 Fornecedores\u00a0: Avalia\u00e7\u00f5es independentes e especializadas, conduzidas por profissionais treinados e atualizados permanentemente nos requisitos das normas aplic\u00e1veis. Vis\u00e3o externa e neutra do Sistema de Gest\u00e3o implantado, possibilitando sua racionaliza\u00e7\u00e3o. Resultados mais objetivos e&#8230;<\/p>\n","protected":false},"author":5,"featured_media":0,"parent":2152,"menu_order":0,"comment_status":"closed","ping_status":"closed","template":"","meta":{"footnotes":""},"class_list":["post-12800","page","type-page","status-publish","hentry"],"_links":{"self":[{"href":"https:\/\/tnq.com.br\/index.php\/wp-json\/wp\/v2\/pages\/12800","targetHints":{"allow":["GET"]}}],"collection":[{"href":"https:\/\/tnq.com.br\/index.php\/wp-json\/wp\/v2\/pages"}],"about":[{"href":"https:\/\/tnq.com.br\/index.php\/wp-json\/wp\/v2\/types\/page"}],"author":[{"embeddable":true,"href":"https:\/\/tnq.com.br\/index.php\/wp-json\/wp\/v2\/users\/5"}],"replies":[{"embeddable":true,"href":"https:\/\/tnq.com.br\/index.php\/wp-json\/wp\/v2\/comments?post=12800"}],"version-history":[{"count":4,"href":"https:\/\/tnq.com.br\/index.php\/wp-json\/wp\/v2\/pages\/12800\/revisions"}],"predecessor-version":[{"id":12810,"href":"https:\/\/tnq.com.br\/index.php\/wp-json\/wp\/v2\/pages\/12800\/revisions\/12810"}],"up":[{"embeddable":true,"href":"https:\/\/tnq.com.br\/index.php\/wp-json\/wp\/v2\/pages\/2152"}],"wp:attachment":[{"href":"https:\/\/tnq.com.br\/index.php\/wp-json\/wp\/v2\/media?parent=12800"}],"curies":[{"name":"wp","href":"https:\/\/api.w.org\/{rel}","templated":true}]}}