{"id":2152,"date":"2020-05-05T07:49:39","date_gmt":"2020-05-05T07:49:39","guid":{"rendered":"http:\/\/rstheme.com\/products\/wordpress\/reobiz\/?page_id=2152"},"modified":"2021-06-15T21:21:12","modified_gmt":"2021-06-16T00:21:12","slug":"services","status":"publish","type":"page","link":"https:\/\/tnq.com.br\/index.php\/services\/","title":{"rendered":"Servi\u00e7os"},"content":{"rendered":"\t\t<div data-elementor-type=\"wp-page\" data-elementor-id=\"2152\" class=\"elementor elementor-2152\">\n\t\t\t\t\t\t<section class=\"elementor-section elementor-top-section elementor-element elementor-element-c31bcc7 elementor-section-full_width elementor-section-height-default elementor-section-height-default\" data-id=\"c31bcc7\" data-element_type=\"section\" data-e-type=\"section\">\n\t\t\t\t\t\t<div class=\"elementor-container elementor-column-gap-extended\">\n\t\t\t\t\t<div class=\"elementor-column elementor-col-33 elementor-top-column elementor-element elementor-element-73ae0be\" data-id=\"73ae0be\" data-element_type=\"column\" data-e-type=\"column\" data-settings=\"{&quot;background_background&quot;:&quot;classic&quot;}\">\n\t\t\t<div class=\"elementor-widget-wrap elementor-element-populated\">\n\t\t\t\t\t\t<div class=\"elementor-element elementor-element-7a5538e elementor-widget elementor-widget-rs-iconbox\" data-id=\"7a5538e\" data-element_type=\"widget\" data-e-type=\"widget\" data-widget_type=\"rs-iconbox.default\">\n\t\t\t\t<div class=\"elementor-widget-container\">\n\t\t\t\t\t\t\r\n\t\t<div class=\"rs-iconbox-area rs-animation-yes\">\r\n\t\t    <div class=\"box-inner\">\r\n\r\n\t\t    \t\r\n\t\t    \t\t\t\t    \t  \r\n\t\t    \t \r\n\r\n\t\t\t    <div class=\"text-area\">\r\n\t\t\t    \t\t\t\t\t    \t<div class=\"iconbox-title\">\r\n\t\t\t\t    \t\t\t\r\n\t\t\t\t    \t\t\t\t\t\t\t    \t\t\t\r\n\t\t\t\t    \t\t<h3 class=\"title\"> \r\n\t\t\t\t    \t\t\t\t\t\t    \t\t\t<a href=\"https:\/\/tnq.com.br\/index.php\/services\/terceirizacao-do-sistema-de-gestao\/\"  >TERCEIRIZA\u00c7\u00c3O <\/a>\r\n\t\t\t\t    \t\t\t\t\t\t    \t\t<\/h3>\r\n\r\n\t\t\t\t    \t\t\t\t\t\t    \t\t\r\n\t\t\t\t    \t<\/div>\r\n\r\n\t\t\t    \t\t\r\n\t\t\t    \t\t\t\t    \t\t<p class=\"services-txt\">  Podemos alocar profissionais em sua empresa.<\/p>\t\r\n\t\t\t    \t\t\r\n\t\t\t    <\/div>\r\n\r\n\t\t\t    \t\t\t        \t    \t\t    \t<div class=\"services-btn-part\">\r\n\t    \t\t    \t\t\r\n\t    \t\t    \t\t\t    \t\t    \t\t\t<a class=\"services-btn icon-after\" href=\"https:\/\/tnq.com.br\/index.php\/contact-us\/\" >\r\n\t    \t\t    \t\t\t\t<span class=\"btn-txt\">Solicite or\u00e7amento<\/span>\r\n\t    \t\t    \t\t\t\t\t    \t\t    \t\t\t\t\t<i class=\"fa fa fa-angle-right\"><\/i>\r\n\t    \t\t    \t\t\t\t\t    \t\t    \t\t\t<\/a>\r\n\t    \t\t    \t\t\t    \t\t    \t<\/div>\r\n\t    \t    \t    \t    \t    \t    \t\r\n\r\n\r\n\t\t\t    \r\n\t\t\t<\/div>\r\n\t\t<\/div>\t\r\n\t\t\t\t\t<\/div>\n\t\t\t\t<\/div>\n\t\t\t\t<div class=\"elementor-element elementor-element-d4f295a elementor-widget elementor-widget-rs-iconbox\" data-id=\"d4f295a\" data-element_type=\"widget\" data-e-type=\"widget\" data-widget_type=\"rs-iconbox.default\">\n\t\t\t\t<div class=\"elementor-widget-container\">\n\t\t\t\t\t\t\r\n\t\t<div class=\"rs-iconbox-area rs-animation-yes\">\r\n\t\t    <div class=\"box-inner\">\r\n\r\n\t\t    \t\r\n\t\t    \t\t\t\t    \t  \r\n\t\t    \t \r\n\r\n\t\t\t    <div class=\"text-area\">\r\n\t\t\t    \t\t\t\t\t    \t<div class=\"iconbox-title\">\r\n\t\t\t\t    \t\t\t\r\n\t\t\t\t    \t\t\t\t\t\t\t    \t\t\t\r\n\t\t\t\t    \t\t<h3 class=\"title\"> \r\n\t\t\t\t    \t\t\t\t\t\t    \t\t\t<a href=\"https:\/\/tnq.com.br\/index.php\/services\/auditorias\/\"  >Auditorias<\/a>\r\n\t\t\t\t    \t\t\t\t\t\t    \t\t<\/h3>\r\n\r\n\t\t\t\t    \t\t\t\t\t\t    \t\t\r\n\t\t\t\t    \t<\/div>\r\n\r\n\t\t\t    \t\t\r\n\t\t\t    \t\t\t\t    \t\t<p class=\"services-txt\">  Realizamos auditorias internas  de forma presencial e remota.<\/p>\t\r\n\t\t\t    \t\t\r\n\t\t\t    <\/div>\r\n\r\n\t\t\t    \t\t\t        \t    \t\t    \t<div class=\"services-btn-part\">\r\n\t    \t\t    \t\t\r\n\t    \t\t    \t\t\t    \t\t    \t\t\t<a class=\"services-btn icon-after\" href=\"https:\/\/tnq.com.br\/index.php\/contact-us\/\" >\r\n\t    \t\t    \t\t\t\t<span class=\"btn-txt\">Solicite or\u00e7amento<\/span>\r\n\t    \t\t    \t\t\t\t\t    \t\t    \t\t\t\t\t<i class=\"fa fa fa-angle-right\"><\/i>\r\n\t    \t\t    \t\t\t\t\t    \t\t    \t\t\t<\/a>\r\n\t    \t\t    \t\t\t    \t\t    \t<\/div>\r\n\t    \t    \t    \t    \t    \t    \t\r\n\r\n\r\n\t\t\t    \r\n\t\t\t<\/div>\r\n\t\t<\/div>\t\r\n\t\t\t\t\t<\/div>\n\t\t\t\t<\/div>\n\t\t\t\t\t<\/div>\n\t\t<\/div>\n\t\t\t\t<div class=\"elementor-column elementor-col-33 elementor-top-column elementor-element elementor-element-fc8874c\" data-id=\"fc8874c\" data-element_type=\"column\" data-e-type=\"column\" data-settings=\"{&quot;background_background&quot;:&quot;classic&quot;}\">\n\t\t\t<div class=\"elementor-widget-wrap elementor-element-populated\">\n\t\t\t\t\t\t<div class=\"elementor-element elementor-element-2894d19 elementor-widget elementor-widget-rs-iconbox\" data-id=\"2894d19\" data-element_type=\"widget\" data-e-type=\"widget\" data-widget_type=\"rs-iconbox.default\">\n\t\t\t\t<div class=\"elementor-widget-container\">\n\t\t\t\t\t\t\r\n\t\t<div class=\"rs-iconbox-area rs-animation-yes\">\r\n\t\t    <div class=\"box-inner\">\r\n\r\n\t\t    \t\r\n\t\t    \t\t\t\t    \t  \r\n\t\t    \t \r\n\r\n\t\t\t    <div class=\"text-area\">\r\n\t\t\t    \t\t\t\t\t    \t<div class=\"iconbox-title\">\r\n\t\t\t\t    \t\t\t\r\n\t\t\t\t    \t\t\t\t\t\t\t    \t\t\t\r\n\t\t\t\t    \t\t<h3 class=\"title\"> \r\n\t\t\t\t    \t\t\t\t\t\t    \t\t\t<a href=\"https:\/\/tnq.com.br\/index.php\/services\/treinamentos\/\"  >Treinamentos<\/a>\r\n\t\t\t\t    \t\t\t\t\t\t    \t\t<\/h3>\r\n\r\n\t\t\t\t    \t\t\t\t\t\t    \t\t\r\n\t\t\t\t    \t<\/div>\r\n\r\n\t\t\t    \t\t\r\n\t\t\t    \t\t\t\t    \t\t<p class=\"services-txt\">  Realizamos os mais diversos treinamentos para voc\u00ea e sua empresa<\/p>\t\r\n\t\t\t    \t\t\r\n\t\t\t    <\/div>\r\n\r\n\t\t\t    \t\t\t        \t    \t\t    \t<div class=\"services-btn-part\">\r\n\t    \t\t    \t\t\r\n\t    \t\t    \t\t\t    \t\t    \t\t\t<a class=\"services-btn icon-after\" href=\"https:\/\/tnq.com.br\/index.php\/contact-us\/\" >\r\n\t    \t\t    \t\t\t\t<span class=\"btn-txt\">Solicite or\u00e7amento<\/span>\r\n\t    \t\t    \t\t\t\t\t    \t\t    \t\t\t\t\t<i class=\"fa fa fa-angle-right\"><\/i>\r\n\t    \t\t    \t\t\t\t\t    \t\t    \t\t\t<\/a>\r\n\t    \t\t    \t\t\t    \t\t    \t<\/div>\r\n\t    \t    \t    \t    \t    \t    \t\r\n\r\n\r\n\t\t\t    \r\n\t\t\t<\/div>\r\n\t\t<\/div>\t\r\n\t\t\t\t\t<\/div>\n\t\t\t\t<\/div>\n\t\t\t\t<div class=\"elementor-element elementor-element-230f9ac elementor-widget elementor-widget-rs-iconbox\" data-id=\"230f9ac\" data-element_type=\"widget\" data-e-type=\"widget\" data-widget_type=\"rs-iconbox.default\">\n\t\t\t\t<div class=\"elementor-widget-container\">\n\t\t\t\t\t\t\r\n\t\t<div class=\"rs-iconbox-area rs-animation-yes\">\r\n\t\t    <div class=\"box-inner\">\r\n\r\n\t\t    \t\r\n\t\t    \t\t\t\t    \t  \r\n\t\t    \t \r\n\r\n\t\t\t    <div class=\"text-area\">\r\n\t\t\t    \t\t\t\t\t    \t<div class=\"iconbox-title\">\r\n\t\t\t\t    \t\t\t\r\n\t\t\t\t    \t\t\t\t\t\t\t    \t\t\t\r\n\t\t\t\t    \t\t<h3 class=\"title\"> \r\n\t\t\t\t    \t\t\t\t\t\t    \t\t\t<a href=\"https:\/\/tnq.com.br\/index.php\/services\/consultorias\/\"  >Consultorias<\/a>\r\n\t\t\t\t    \t\t\t\t\t\t    \t\t<\/h3>\r\n\r\n\t\t\t\t    \t\t\t\t\t\t    \t\t\r\n\t\t\t\t    \t<\/div>\r\n\r\n\t\t\t    \t\t\r\n\t\t\t    \t\t\t\t    \t\t<p class=\"services-txt\">  Realizamos consultorias presenciais e online para implanta\u00e7\u00e3o de normas ou programas de gest\u00e3o.<\/p>\t\r\n\t\t\t    \t\t\r\n\t\t\t    <\/div>\r\n\r\n\t\t\t    \t\t\t        \t    \t\t    \t<div class=\"services-btn-part\">\r\n\t    \t\t    \t\t\r\n\t    \t\t    \t\t\t    \t\t    \t\t\t<a class=\"services-btn icon-after\" href=\"https:\/\/tnq.com.br\/index.php\/contact-us\/\" >\r\n\t    \t\t    \t\t\t\t<span class=\"btn-txt\">Solicite or\u00e7amento<\/span>\r\n\t    \t\t    \t\t\t\t\t    \t\t    \t\t\t\t\t<i class=\"fa fa fa-angle-right\"><\/i>\r\n\t    \t\t    \t\t\t\t\t    \t\t    \t\t\t<\/a>\r\n\t    \t\t    \t\t\t    \t\t    \t<\/div>\r\n\t    \t    \t    \t    \t    \t    \t\r\n\r\n\r\n\t\t\t    \r\n\t\t\t<\/div>\r\n\t\t<\/div>\t\r\n\t\t\t\t\t<\/div>\n\t\t\t\t<\/div>\n\t\t\t\t\t<\/div>\n\t\t<\/div>\n\t\t\t\t<div class=\"elementor-column elementor-col-33 elementor-top-column elementor-element elementor-element-4a6a244\" data-id=\"4a6a244\" data-element_type=\"column\" data-e-type=\"column\" data-settings=\"{&quot;background_background&quot;:&quot;classic&quot;}\">\n\t\t\t<div class=\"elementor-widget-wrap elementor-element-populated\">\n\t\t\t\t\t\t<div class=\"elementor-element elementor-element-932a0b6 elementor-widget elementor-widget-rs-iconbox\" data-id=\"932a0b6\" data-element_type=\"widget\" data-e-type=\"widget\" data-widget_type=\"rs-iconbox.default\">\n\t\t\t\t<div class=\"elementor-widget-container\">\n\t\t\t\t\t\t\r\n\t\t<div class=\"rs-iconbox-area rs-animation-yes\">\r\n\t\t    <div class=\"box-inner\">\r\n\r\n\t\t    \t\r\n\t\t    \t\t\t\t    \t  \r\n\t\t    \t \r\n\r\n\t\t\t    <div class=\"text-area\">\r\n\t\t\t    \t\t\t\t\t    \t<div class=\"iconbox-title\">\r\n\t\t\t\t    \t\t\t\r\n\t\t\t\t    \t\t\t\t\t\t\t    \t\t\t\r\n\t\t\t\t    \t\t<h3 class=\"title\"> \r\n\t\t\t\t    \t\t\t\t\t\t    \t\t\t<a href=\"https:\/\/tnq.com.br\/index.php\/services\/outros-servicos\/\"  >Outros servi\u00e7os<\/a>\r\n\t\t\t\t    \t\t\t\t\t\t    \t\t<\/h3>\r\n\r\n\t\t\t\t    \t\t\t\t\t\t    \t\t\r\n\t\t\t\t    \t<\/div>\r\n\r\n\t\t\t    \t\t\r\n\t\t\t    \t\t\t\t    \t\t<p class=\"services-txt\">  A TNQ Consultoria tamb\u00e9m oferece os mais diversos servi\u00e7os, saiba mais.<\/p>\t\r\n\t\t\t    \t\t\r\n\t\t\t    <\/div>\r\n\r\n\t\t\t    \t\t\t        \t    \t\t    \t<div class=\"services-btn-part\">\r\n\t    \t\t    \t\t\r\n\t    \t\t    \t\t\t    \t\t    \t\t\t<a class=\"services-btn icon-after\" href=\"https:\/\/tnq.com.br\/index.php\/contact-us\/\" >\r\n\t    \t\t    \t\t\t\t<span class=\"btn-txt\">Solicite or\u00e7amento<\/span>\r\n\t    \t\t    \t\t\t\t\t    \t\t    \t\t\t\t\t<i class=\"fa fa fa-angle-right\"><\/i>\r\n\t    \t\t    \t\t\t\t\t    \t\t    \t\t\t<\/a>\r\n\t    \t\t    \t\t\t    \t\t    \t<\/div>\r\n\t    \t    \t    \t    \t    \t    \t\r\n\r\n\r\n\t\t\t    \r\n\t\t\t<\/div>\r\n\t\t<\/div>\t\r\n\t\t\t\t\t<\/div>\n\t\t\t\t<\/div>\n\t\t\t\t\t<\/div>\n\t\t<\/div>\n\t\t\t\t\t<\/div>\n\t\t<\/section>\n\t\t\t\t<section class=\"elementor-section elementor-top-section elementor-element elementor-element-9085f29 elementor-section-stretched elementor-section-full_width elementor-section-height-default elementor-section-height-default\" data-id=\"9085f29\" data-element_type=\"section\" data-e-type=\"section\" data-settings=\"{&quot;stretch_section&quot;:&quot;section-stretched&quot;,&quot;background_background&quot;:&quot;classic&quot;}\">\n\t\t\t\t\t\t<div class=\"elementor-container elementor-column-gap-default\">\n\t\t\t\t\t<div class=\"elementor-column elementor-col-100 elementor-top-column elementor-element elementor-element-b5eede8\" data-id=\"b5eede8\" data-element_type=\"column\" data-e-type=\"column\">\n\t\t\t<div class=\"elementor-widget-wrap elementor-element-populated\">\n\t\t\t\t\t\t<section class=\"elementor-section elementor-inner-section elementor-element elementor-element-b57d06a elementor-section-boxed elementor-section-height-default elementor-section-height-default\" data-id=\"b57d06a\" data-element_type=\"section\" data-e-type=\"section\">\n\t\t\t\t\t\t<div class=\"elementor-container elementor-column-gap-default\">\n\t\t\t\t\t<div class=\"elementor-column elementor-col-33 elementor-inner-column elementor-element elementor-element-3eb02da\" data-id=\"3eb02da\" data-element_type=\"column\" data-e-type=\"column\">\n\t\t\t<div class=\"elementor-widget-wrap\">\n\t\t\t\t\t\t\t<\/div>\n\t\t<\/div>\n\t\t\t\t<div class=\"elementor-column elementor-col-33 elementor-inner-column elementor-element elementor-element-b292fbc\" data-id=\"b292fbc\" data-element_type=\"column\" data-e-type=\"column\">\n\t\t\t<div class=\"elementor-widget-wrap elementor-element-populated\">\n\t\t\t\t\t\t<div class=\"elementor-element elementor-element-2355876 elementor-widget elementor-widget-rs-cta\" data-id=\"2355876\" data-element_type=\"widget\" data-e-type=\"widget\" data-widget_type=\"rs-cta.default\">\n\t\t\t\t<div class=\"elementor-widget-container\">\n\t\t\t\t\t\t\t<div class=\"rs-cta\">\r\n\t\t\t<div class=\"cta-content\">\r\n\t\t\t\t\t\t\t        <div class=\"cta-title\">\r\n\t\t\t        \t\r\n\t\t\t            <h3 class=\"title\"> \r\n\t\t\t            \t<a class=\"title\" href=\"https:\/\/tnq.com.br\/index.php\/contact-us\/\" >\t\t\t\t\r\n\t\t\t            \t\tA TNQ Consultoria oferece servi\u00e7os\t\t\t            \t<\/a>\r\n\r\n\t\t\t            <\/h3>\r\n\r\n\t\t\t        <\/div>\r\n\t\t\t\t\t\t\t\t\t\t\t        <div class=\"cta-text\">\r\n\t\t\t            <p class=\"desc\"> Trabalhando com padr\u00f5es de reconhecimento e aprova\u00e7\u00e3o internacional, com foco na gest\u00e3o para resultados.<\/p>\r\n\t\t\t        <\/div>\r\n\t\t\t\t\t\t\t<\/div>\r\n\r\n            \t\t\t\r\n    \t\t\t<div class=\"rs-btn\">\r\n\r\n    \t\t\t\t\r\n    \t\t\t\t<a class=\"readon rs_button elementor-animation-\" href=\"https:\/\/tnq.com.br\/index.php\/contact-us\/\" >\t\t\t\t\r\n    \t\t\t\t\t<span class=\"btn_text\">Comece agora<\/span>\r\n\r\n    \t\t\t\t\t    \t\t\t\t<\/a>\r\n\r\n    \t\t\t<\/div>\r\n                \r\n\r\n\t\t<\/div>   \r\n\t\t\t\t\t<\/div>\n\t\t\t\t<\/div>\n\t\t\t\t\t<\/div>\n\t\t<\/div>\n\t\t\t\t<div class=\"elementor-column elementor-col-33 elementor-inner-column elementor-element elementor-element-162bf46\" data-id=\"162bf46\" data-element_type=\"column\" data-e-type=\"column\">\n\t\t\t<div class=\"elementor-widget-wrap\">\n\t\t\t\t\t\t\t<\/div>\n\t\t<\/div>\n\t\t\t\t\t<\/div>\n\t\t<\/section>\n\t\t\t\t\t<\/div>\n\t\t<\/div>\n\t\t\t\t\t<\/div>\n\t\t<\/section>\n\t\t\t\t<section class=\"elementor-section elementor-top-section elementor-element elementor-element-a2bf3e9 elementor-section-content-top elementor-section-boxed elementor-section-height-default elementor-section-height-default\" data-id=\"a2bf3e9\" data-element_type=\"section\" data-e-type=\"section\" data-settings=\"{&quot;background_background&quot;:&quot;classic&quot;}\">\n\t\t\t\t\t\t<div class=\"elementor-container elementor-column-gap-default\">\n\t\t\t\t\t<div class=\"elementor-column elementor-col-50 elementor-top-column elementor-element elementor-element-5015fd6\" data-id=\"5015fd6\" data-element_type=\"column\" data-e-type=\"column\" data-settings=\"{&quot;background_background&quot;:&quot;classic&quot;}\">\n\t\t\t<div class=\"elementor-widget-wrap\">\n\t\t\t\t\t\t\t<\/div>\n\t\t<\/div>\n\t\t\t\t<div class=\"elementor-column elementor-col-50 elementor-top-column elementor-element elementor-element-e0e8f03\" data-id=\"e0e8f03\" data-element_type=\"column\" data-e-type=\"column\" data-settings=\"{&quot;background_background&quot;:&quot;classic&quot;}\">\n\t\t\t<div class=\"elementor-widget-wrap elementor-element-populated\">\n\t\t\t\t\t<div class=\"elementor-background-overlay\"><\/div>\n\t\t\t\t\t\t<section class=\"elementor-section elementor-inner-section elementor-element elementor-element-5aa35b5 elementor-section-boxed elementor-section-height-default elementor-section-height-default\" data-id=\"5aa35b5\" data-element_type=\"section\" data-e-type=\"section\">\n\t\t\t\t\t\t<div class=\"elementor-container elementor-column-gap-default\">\n\t\t\t\t\t<div class=\"elementor-column elementor-col-100 elementor-inner-column elementor-element elementor-element-d4bd5a7\" data-id=\"d4bd5a7\" data-element_type=\"column\" data-e-type=\"column\">\n\t\t\t<div class=\"elementor-widget-wrap elementor-element-populated\">\n\t\t\t\t\t\t<div class=\"elementor-element elementor-element-b0e6a92 elementor-widget elementor-widget-rs-heading\" data-id=\"b0e6a92\" data-element_type=\"widget\" data-e-type=\"widget\" data-widget_type=\"rs-heading.default\">\n\t\t\t\t<div class=\"elementor-widget-container\">\n\t\t\t\t\t        <div class=\"rs-heading default  \">\r\n        \t<div class=\"title-inner\">\r\n        \t\t      \t\t\r\n\t            <span class=\"sub-text \">Deixa a gente te ajudar<\/span><h2 class=\"title\"><span class=\"watermark\"><\/span>Entre em contato conosco<\/h2>\t        <\/div>\r\n\t                <\/div>\r\n\r\n        \t\t\t\t<\/div>\n\t\t\t\t<\/div>\n\t\t\t\t<div class=\"elementor-element elementor-element-21ee90a elementor-widget elementor-widget-rs-cf7\" data-id=\"21ee90a\" data-element_type=\"widget\" data-e-type=\"widget\" data-widget_type=\"rs-cf7.default\">\n\t\t\t\t<div class=\"elementor-widget-container\">\n\t\t\t\t\t\n<div class=\"wpcf7 no-js\" id=\"wpcf7-f2078-o1\" lang=\"en-US\" dir=\"ltr\" data-wpcf7-id=\"2078\">\n<div class=\"screen-reader-response\"><p role=\"status\" aria-live=\"polite\" aria-atomic=\"true\"><\/p> <ul><\/ul><\/div>\n<form action=\"\/index.php\/wp-json\/wp\/v2\/pages\/2152#wpcf7-f2078-o1\" method=\"post\" class=\"wpcf7-form init\" aria-label=\"Contact form\" novalidate=\"novalidate\" data-status=\"init\">\n<fieldset class=\"hidden-fields-container\"><input type=\"hidden\" name=\"_wpcf7\" value=\"2078\" \/><input type=\"hidden\" name=\"_wpcf7_version\" value=\"6.1.5\" \/><input type=\"hidden\" name=\"_wpcf7_locale\" value=\"en_US\" \/><input type=\"hidden\" name=\"_wpcf7_unit_tag\" value=\"wpcf7-f2078-o1\" \/><input type=\"hidden\" name=\"_wpcf7_container_post\" value=\"0\" \/><input type=\"hidden\" name=\"_wpcf7_posted_data_hash\" value=\"\" \/>\n<\/fieldset>\n<div class=\"row\">\n\t<div class=\"col-sm-12\">\n\t\t<p><label for=\"name\">Seu nome<\/label><span class=\"wpcf7-form-control-wrap\" data-name=\"your-name\"><input size=\"40\" maxlength=\"400\" class=\"wpcf7-form-control wpcf7-text wpcf7-validates-as-required\" aria-required=\"true\" aria-invalid=\"false\" placeholder=\"Digite seu nome\" value=\"\" type=\"text\" name=\"your-name\" \/><\/span>\n\t\t<\/p>\n\t<\/div>\n\t<div class=\"col-sm-12\">\n\t\t<p><label for=\"name\">E-mail para contato<\/label><span class=\"wpcf7-form-control-wrap\" data-name=\"your-email\"><input size=\"40\" maxlength=\"400\" class=\"wpcf7-form-control wpcf7-email wpcf7-validates-as-required wpcf7-text wpcf7-validates-as-email\" aria-required=\"true\" aria-invalid=\"false\" placeholder=\"Qual o seu e-mail para contato?\" value=\"\" type=\"email\" name=\"your-email\" \/><\/span>\n\t\t<\/p>\n\t<\/div>\n\t<div class=\"col-sm-12\">\n\t\t<p><label for=\"name\">Servi\u00e7o desejado<\/label><span class=\"wpcf7-form-control-wrap\" data-name=\"insurancetype\"><select class=\"wpcf7-form-control wpcf7-select wpcf7-validates-as-required\" aria-required=\"true\" aria-invalid=\"false\" name=\"insurancetype\"><option value=\"\">&#8212;Please choose an option&#8212;<\/option><option value=\"Consultoria\">Consultoria<\/option><option value=\"Auditoria Interna\">Auditoria Interna<\/option><option value=\"Auditoria Externa\">Auditoria Externa<\/option><option value=\"Palestras\">Palestras<\/option><option value=\"Treinamentos\">Treinamentos<\/option><option value=\"Certifica\u00e7\u00e3o\">Certifica\u00e7\u00e3o<\/option><option value=\"Planejamento\">Planejamento<\/option><\/select><\/span>\n\t\t<\/p>\n\t<\/div>\n\t<div class=\"col-sm-12\">\n\t\t<p><label for=\"name\">Empresa<\/label><span class=\"wpcf7-form-control-wrap\" data-name=\"your-employment\"><input size=\"40\" maxlength=\"400\" class=\"wpcf7-form-control wpcf7-text wpcf7-validates-as-required\" aria-required=\"true\" aria-invalid=\"false\" placeholder=\"Digite o nome da empresa\" value=\"\" type=\"text\" name=\"your-employment\" \/><\/span>\n\t\t<\/p>\n\t<\/div>\n\t<div class=\"col-sm-12\">\n\t\t<p><label for=\"name\">Informa\u00e7\u00f5es adicionais<\/label><span class=\"wpcf7-form-control-wrap\" data-name=\"annual-income\"><input size=\"40\" maxlength=\"400\" class=\"wpcf7-form-control wpcf7-text wpcf7-validates-as-required\" aria-required=\"true\" aria-invalid=\"false\" placeholder=\"Observa\u00e7\u00f5es\" value=\"\" type=\"text\" name=\"annual-income\" \/><\/span>\n\t\t<\/p>\n\t<\/div>\n\t<div class=\"form-button col-sm-12\">\n\t\t<p class=\"submit-btn\"><input class=\"wpcf7-form-control wpcf7-submit has-spinner\" type=\"submit\" value=\"Entrar em contato agora!\" \/>\n\t\t<\/p>\n\t<\/div>\n<\/div><div class=\"wpcf7-response-output\" aria-hidden=\"true\"><\/div>\n<\/form>\n<\/div>\n\t\t\t\t<\/div>\n\t\t\t\t<\/div>\n\t\t\t\t\t<\/div>\n\t\t<\/div>\n\t\t\t\t\t<\/div>\n\t\t<\/section>\n\t\t\t\t\t<\/div>\n\t\t<\/div>\n\t\t\t\t\t<\/div>\n\t\t<\/section>\n\t\t\t\t<\/div>\n\t\t","protected":false},"excerpt":{"rendered":"<p>TERCEIRIZA\u00c7\u00c3O Podemos alocar profissionais em sua empresa. Solicite or\u00e7amento Auditorias Realizamos auditorias internas de forma presencial e remota. Solicite or\u00e7amento Treinamentos Realizamos os mais diversos treinamentos para voc\u00ea e sua empresa Solicite or\u00e7amento Consultorias Realizamos consultorias presenciais e online para implanta\u00e7\u00e3o de normas ou programas de gest\u00e3o. Solicite or\u00e7amento Outros servi\u00e7os A TNQ Consultoria tamb\u00e9m&#8230;<\/p>\n","protected":false},"author":5,"featured_media":0,"parent":0,"menu_order":0,"comment_status":"closed","ping_status":"closed","template":"","meta":{"footnotes":""},"class_list":["post-2152","page","type-page","status-publish","hentry"],"_links":{"self":[{"href":"https:\/\/tnq.com.br\/index.php\/wp-json\/wp\/v2\/pages\/2152","targetHints":{"allow":["GET"]}}],"collection":[{"href":"https:\/\/tnq.com.br\/index.php\/wp-json\/wp\/v2\/pages"}],"about":[{"href":"https:\/\/tnq.com.br\/index.php\/wp-json\/wp\/v2\/types\/page"}],"author":[{"embeddable":true,"href":"https:\/\/tnq.com.br\/index.php\/wp-json\/wp\/v2\/users\/5"}],"replies":[{"embeddable":true,"href":"https:\/\/tnq.com.br\/index.php\/wp-json\/wp\/v2\/comments?post=2152"}],"version-history":[{"count":46,"href":"https:\/\/tnq.com.br\/index.php\/wp-json\/wp\/v2\/pages\/2152\/revisions"}],"predecessor-version":[{"id":12885,"href":"https:\/\/tnq.com.br\/index.php\/wp-json\/wp\/v2\/pages\/2152\/revisions\/12885"}],"wp:attachment":[{"href":"https:\/\/tnq.com.br\/index.php\/wp-json\/wp\/v2\/media?parent=2152"}],"curies":[{"name":"wp","href":"https:\/\/api.w.org\/{rel}","templated":true}]}}