{"id":2292,"date":"2020-05-11T07:46:15","date_gmt":"2020-05-11T07:46:15","guid":{"rendered":"http:\/\/rstheme.com\/products\/wordpress\/reobiz\/?page_id=2292"},"modified":"2021-05-03T14:52:10","modified_gmt":"2021-05-03T17:52:10","slug":"consultorias","status":"publish","type":"page","link":"https:\/\/tnq.com.br\/index.php\/services\/consultorias\/","title":{"rendered":"Consultorias"},"content":{"rendered":"\t\t<div data-elementor-type=\"wp-page\" data-elementor-id=\"2292\" class=\"elementor elementor-2292\">\n\t\t\t\t\t\t<section class=\"elementor-section elementor-top-section elementor-element elementor-element-51474aa elementor-section-boxed elementor-section-height-default elementor-section-height-default\" data-id=\"51474aa\" data-element_type=\"section\">\n\t\t\t\t\t\t<div class=\"elementor-container elementor-column-gap-default\">\n\t\t\t\t\t<div class=\"elementor-column elementor-col-100 elementor-top-column elementor-element elementor-element-32190d5\" data-id=\"32190d5\" data-element_type=\"column\">\n\t\t\t<div class=\"elementor-widget-wrap elementor-element-populated\">\n\t\t\t\t\t\t<div class=\"elementor-element elementor-element-c4dd3f0 elementor-widget elementor-widget-text-editor\" data-id=\"c4dd3f0\" data-element_type=\"widget\" data-widget_type=\"text-editor.default\">\n\t\t\t\t<div class=\"elementor-widget-container\">\n\t\t\t\t\t\t\t\t\t<p>Realizamos consultorias presenciais e online para implanta\u00e7\u00e3o das seguintes normas ou programas de gest\u00e3o :<\/p>\n<ul>\n<li><strong>ISO 9001 \u2013 Sistema de gest\u00e3o da qualidade<\/strong><\/li>\n<li><strong>IATF 16949 \u2013 Qualidade para a ind\u00fastria automotiva<\/strong><\/li>\n<li><strong>ISO 14001 \u2013 Sistema de gest\u00e3o ambiental <\/strong><\/li>\n<li><strong>ISO 45001 \u2013 Sistema de gest\u00e3o de sa\u00fade e seguran\u00e7a<\/strong><\/li>\n<li><strong>ISO IEC 17025 \u2013 Requisitos gerais para compet\u00eancia de laborat\u00f3rios de ensaio e calibra\u00e7\u00e3o<\/strong><\/li>\n<li><strong>ISO 37001 \u2013 Sistema de gest\u00e3o antissuborno<\/strong><\/li>\n<li><strong>ISO 37301 \u2013 Sistema de gest\u00e3o de compliance<\/strong><\/li>\n<li><strong>NBR 15906 \u2013 Sistema de gest\u00e3o de servi\u00e7os notariais e registrais<\/strong><\/li>\n<li><strong>ISO 27001 \u2013 Sistema de gest\u00e3o de seguran\u00e7a da informa\u00e7\u00e3o<\/strong><\/li>\n<li><strong>ISO 22301 \u2013 Sistema de gest\u00e3o de continuidade de neg\u00f3cios <\/strong><\/li>\n<li><strong>ISO 20000 \u2013 Tecnologia da informa\u00e7\u00e3o \u2013 Gest\u00e3o de servi\u00e7o<\/strong><\/li>\n<li><strong>ISO 31000 \u2013 Gest\u00e3o de Riscos<\/strong><\/li>\n<li><strong>LGPD \u2013 Lei geral de prote\u00e7\u00e3o de dados<\/strong><\/li>\n<li><strong>ONA \u2013 Acredita\u00e7\u00e3o em Servi\u00e7os de Sa\u00fade<\/strong><\/li>\n<li><strong>ISO 16001 \/ SA 8000 \u2013 <\/strong>Sistema de Gest\u00e3o de Responsabilidade Social.<\/li>\n<li><strong>PBPQ-H \u2013 Programa brasileiro de produtidade <\/strong><\/li>\n<li><strong>Crit\u00e9rios de Excel\u00eancia baseados nos pr\u00eamios Nacional da Qualidade e Mineiro da Qualidade<\/strong><\/li>\n<li><strong>ISO 22000 &#8211; Sistema de Gest\u00e3o de Seguran\u00e7a de Alimentos <\/strong><\/li>\n<li><strong>PQTA \u2013 Pr\u00eamio de qualidade total \u2013 Anoreg <\/strong><\/li>\n<li><strong>SASSMAQ &#8211; <\/strong>Sistema de Avalia\u00e7\u00e3o de Seguran\u00e7a, Sa\u00fade, Meio Ambiente e Qualidade\u00a0(\u00canfase Transporte Rodovi\u00e1rio).<\/li>\n<li><strong>Programas e ferramentas da qualidade &#8211; <\/strong>5S, BSC &#8211; KPI\u00b4s (indicadores de Gest\u00e3o), CEP (Controle Estat\u00edstico de Processo), FMEA (An\u00e1lise dos Modos de Falha e seus Efeitos), \u00a0PPAP (Processo de\u00a0Aprova\u00e7\u00e3o de\u00a0Pe\u00e7as de Produ\u00e7\u00e3o), MASP (M\u00e9todo de An\u00e1lise e Solu\u00e7\u00e3o de Problemas), Pesquisas de Satisfa\u00e7\u00e3o de Clientes.<\/li>\n<\/ul>\t\t\t\t\t\t\t\t<\/div>\n\t\t\t\t<\/div>\n\t\t\t\t\t<\/div>\n\t\t<\/div>\n\t\t\t\t\t<\/div>\n\t\t<\/section>\n\t\t\t\t<\/div>\n\t\t","protected":false},"excerpt":{"rendered":"<p>Realizamos consultorias presenciais e online para implanta\u00e7\u00e3o das seguintes normas ou programas de gest\u00e3o : ISO 9001 \u2013 Sistema de gest\u00e3o da qualidade IATF 16949 \u2013 Qualidade para a ind\u00fastria automotiva ISO 14001 \u2013 Sistema de gest\u00e3o ambiental ISO 45001 \u2013 Sistema de gest\u00e3o de sa\u00fade e seguran\u00e7a ISO IEC 17025 \u2013 Requisitos gerais para&#8230;<\/p>\n","protected":false},"author":5,"featured_media":0,"parent":2152,"menu_order":0,"comment_status":"closed","ping_status":"closed","template":"","meta":{"footnotes":""},"class_list":["post-2292","page","type-page","status-publish","hentry"],"_links":{"self":[{"href":"https:\/\/tnq.com.br\/index.php\/wp-json\/wp\/v2\/pages\/2292","targetHints":{"allow":["GET"]}}],"collection":[{"href":"https:\/\/tnq.com.br\/index.php\/wp-json\/wp\/v2\/pages"}],"about":[{"href":"https:\/\/tnq.com.br\/index.php\/wp-json\/wp\/v2\/types\/page"}],"author":[{"embeddable":true,"href":"https:\/\/tnq.com.br\/index.php\/wp-json\/wp\/v2\/users\/5"}],"replies":[{"embeddable":true,"href":"https:\/\/tnq.com.br\/index.php\/wp-json\/wp\/v2\/comments?post=2292"}],"version-history":[{"count":6,"href":"https:\/\/tnq.com.br\/index.php\/wp-json\/wp\/v2\/pages\/2292\/revisions"}],"predecessor-version":[{"id":12793,"href":"https:\/\/tnq.com.br\/index.php\/wp-json\/wp\/v2\/pages\/2292\/revisions\/12793"}],"up":[{"embeddable":true,"href":"https:\/\/tnq.com.br\/index.php\/wp-json\/wp\/v2\/pages\/2152"}],"wp:attachment":[{"href":"https:\/\/tnq.com.br\/index.php\/wp-json\/wp\/v2\/media?parent=2292"}],"curies":[{"name":"wp","href":"https:\/\/api.w.org\/{rel}","templated":true}]}}